{"id":395,"date":"2024-11-17T20:31:34","date_gmt":"2024-11-17T18:31:34","guid":{"rendered":"https:\/\/iminbod.se\/?post_type=product&#038;p=395"},"modified":"2025-11-02T15:11:07","modified_gmt":"2025-11-02T13:11:07","slug":"saffran-45g-hela-pistiller","status":"publish","type":"product","link":"https:\/\/iminbod.se\/butik\/produkt\/saffran-45g-hela-pistiller\/","title":{"rendered":"Saffran 4,5g hela pistiller"},"content":{"rendered":"<p>\u00c4kta saffran med hela pistillier fr\u00e5n v\u00e5ra egna g\u00e5rdar i Iran. Odlade enligt ekologiska principer med h\u00f6g kvalit\u00e9.<\/p>\n<h3>Anv\u00e4ndningsomr\u00e5de<\/h3>\n<p>\u2022 Saffran kan anv\u00e4ndas i matlagning (ris, grytor, fisk, kyckling), bakning och glass.<\/p>\n<p>\u2022 Saffran ska helst malas innan anv\u00e4ndning f\u00f6r att f\u00e5 ut maximal f\u00e4rg, smak och aromer.<\/p>\n<h3 class=\"p1\"><b>Saffrans h\u00e4lsof\u00f6rdelar<\/b><b><\/b><\/h3>\n<p class=\"p3\">\u2022<b>Hum\u00f6rh\u00f6jande<\/b>: Kan bidra till att minska stress och lindra milda symptom p\u00e5 nedst\u00e4mdhet.<\/p>\n<p class=\"p3\">\u2022<b>Antioxidant<\/b>: Rik p\u00e5 bioaktiva \u00e4mnen som skyddar kroppen mot fria radikaler.<\/p>\n<p class=\"p3\">\u2022<b>St\u00f6djer matsm\u00e4ltningen<\/b>: Hj\u00e4lper till att lugna magen och fr\u00e4mja en h\u00e4lsosam matsm\u00e4ltning.<\/p>\n<p class=\"p3\">\u2022<b>Antiinflammatoriska egenskaper<\/b>: Kan bidra till att minska inflammation i kroppen.<\/p>\n<p class=\"p3\">\u2022<b>Hj\u00e4rnh\u00e4lsa<\/b>: Har kopplats till f\u00f6rb\u00e4ttrad minne och kognitiv funktion i vissa studier.<\/p>\n<p class=\"p3\">\u2022<b>Hudv\u00e5rd<\/b>: Anv\u00e4nds traditionellt f\u00f6r att ge huden lyster och motverka \u00e5ldrande.<\/p>\n<p class=\"p4\">En krydda som inte bara f\u00f6rh\u00f6jer smaken i maten utan ger \u00e4ven positiva effekter p\u00e5 din h\u00e4lsa!<\/p>\n","protected":false},"excerpt":{"rendered":"<p>\u00c4kta saffran med hela pistillier fr\u00e5n v\u00e5ra egna g\u00e5rdar i Iran. Odlade enligt ekologiska principer med h\u00f6g kvalit\u00e9. Anv\u00e4ndningsomr\u00e5de \u2022 Saffran kan anv\u00e4ndas i matlagning (ris, grytor, fisk, kyckling), bakning och glass. \u2022 Saffran ska helst malas innan anv\u00e4ndning f\u00f6r att f\u00e5 ut maximal f\u00e4rg, smak och aromer. Saffrans h\u00e4lsof\u00f6rdelar \u2022Hum\u00f6rh\u00f6jande: Kan bidra till att [&hellip;]<\/p>\n","protected":false},"featured_media":396,"template":"","meta":[],"product_brand":[],"product_cat":[19],"product_tag":[],"class_list":{"0":"post-395","1":"product","2":"type-product","3":"status-publish","4":"has-post-thumbnail","6":"product_cat-honung","8":"first","9":"outofstock","10":"shipping-taxable","11":"purchasable","12":"product-type-simple"},"jetpack_sharing_enabled":true,"_links":{"self":[{"href":"https:\/\/iminbod.se\/butik\/wp-json\/wp\/v2\/product\/395","targetHints":{"allow":["GET"]}}],"collection":[{"href":"https:\/\/iminbod.se\/butik\/wp-json\/wp\/v2\/product"}],"about":[{"href":"https:\/\/iminbod.se\/butik\/wp-json\/wp\/v2\/types\/product"}],"wp:featuredmedia":[{"embeddable":true,"href":"https:\/\/iminbod.se\/butik\/wp-json\/wp\/v2\/media\/396"}],"wp:attachment":[{"href":"https:\/\/iminbod.se\/butik\/wp-json\/wp\/v2\/media?parent=395"}],"wp:term":[{"taxonomy":"product_brand","embeddable":true,"href":"https:\/\/iminbod.se\/butik\/wp-json\/wp\/v2\/product_brand?post=395"},{"taxonomy":"product_cat","embeddable":true,"href":"https:\/\/iminbod.se\/butik\/wp-json\/wp\/v2\/product_cat?post=395"},{"taxonomy":"product_tag","embeddable":true,"href":"https:\/\/iminbod.se\/butik\/wp-json\/wp\/v2\/product_tag?post=395"}],"curies":[{"name":"wp","href":"https:\/\/api.w.org\/{rel}","templated":true}]}}