{"id":366,"date":"2024-11-17T19:33:06","date_gmt":"2024-11-17T17:33:06","guid":{"rendered":"https:\/\/iminbod.se\/?post_type=product&#038;p=366"},"modified":"2025-11-03T20:41:34","modified_gmt":"2025-11-03T18:41:34","slug":"bivaxljus","status":"publish","type":"product","link":"https:\/\/iminbod.se\/butik\/produkt\/bivaxljus\/","title":{"rendered":"Bivaxljus"},"content":{"rendered":"<p>Egenproducerade bivaxljus. V\u00e4lj flera f\u00f6r att kombinera som dina egna adventsljus.<\/p>\n<h3>Vad \u00e4r bivax?<\/h3>\n<div class=\"flex-shrink-0 flex flex-col relative items-end\">\n<div>\n<div class=\"pt-0\">\n<div class=\"gizmo-bot-avatar flex h-8 w-8 items-center justify-center overflow-hidden rounded-full\">\n<div class=\"relative p-1 rounded-sm flex items-center justify-center bg-token-main-surface-primary text-token-text-primary h-8 w-8\">Bivax produceras av honungsbin f\u00f6r att bygga vaxkakor. Det samlas in, sm\u00e4lts och renas f\u00f6r att anv\u00e4ndas i olika produkter. Eftersom det \u00e4r naturligt och f\u00f6rnybart, \u00e4r bivax ett milj\u00f6v\u00e4nligt alternativ till syntetiska vaxer.<\/div>\n<\/div>\n<\/div>\n<\/div>\n<\/div>\n<h3>Varf\u00f6r ska jag v\u00e4lja bivaxljus?<\/h3>\n<p><strong>Naturlig och milj\u00f6v\u00e4nlig<\/strong>: Bivax \u00e4r ett f\u00f6rnybart material och produktionen av bivaxljus inneb\u00e4r inte anv\u00e4ndning av syntetiska \u00e4mnen eller kemikalier, vilket g\u00f6r dem till ett milj\u00f6v\u00e4nligt alternativ.<\/p>\n<p><strong>Ren och h\u00e4lsosam f\u00f6rbr\u00e4nning<\/strong>: Bivaxljus brinner med en ren och n\u00e4stan r\u00f6kfri l\u00e5ga. Bivaxljus \u00e4r allergiv\u00e4nlig.<\/p>\n<p><strong>L\u00e5ng brinntid<\/strong>: Bivax har en h\u00f6gre sm\u00e4ltpunkt \u00e4n m\u00e5nga andra vaxer, vilket g\u00f6r att bivaxljus brinner l\u00e4ngre och mer effektivt.<\/p>\n<p><strong>Naturlig doft<\/strong>: Bivax har en mild, naturlig honungsdoft som sprider sig n\u00e4r ljuset brinner, ett bra alternativ ist\u00e4llet f\u00f6r artificiella doft\u00e4mnen.<\/p>\n<p><strong>Estetik<\/strong>: Bivaxljus har en vacker gyllene f\u00e4rg som kommer fr\u00e5n det r\u00e5a bivaxet, och de har ofta en vacker cellform. Bivaxljus tillf\u00f6r en mysig och naturlig k\u00e4nsla till hemmet.<\/p>\n<p><strong>Minskar f\u00f6roreningar i inomhusluften<\/strong>: Bivaxljus sl\u00e4pper ut negativa joner n\u00e4r de brinner, vilket kan bidra till att rena luften genom att binda och neutralisera partiklar och f\u00f6roreningar i rummet.<\/p>\n<p><strong>H\u00e5llbarhet<\/strong>: Eftersom bivaxljus brinner l\u00e5ngsamt, \u00e4r de b\u00e5de ekonomiska och h\u00e5llbara, vilket g\u00f6r dem till ett bra val f\u00f6r dem som vill ha ljus under l\u00e4ngre perioder.<\/p>\n","protected":false},"excerpt":{"rendered":"<p>Egenproducerade bivaxljus. V\u00e4lj flera f\u00f6r att kombinera som dina egna adventsljus. Vad \u00e4r bivax? Bivax produceras av honungsbin f\u00f6r att bygga vaxkakor. Det samlas in, sm\u00e4lts och renas f\u00f6r att anv\u00e4ndas i olika produkter. Eftersom det \u00e4r naturligt och f\u00f6rnybart, \u00e4r bivax ett milj\u00f6v\u00e4nligt alternativ till syntetiska vaxer. Varf\u00f6r ska jag v\u00e4lja bivaxljus? Naturlig och [&hellip;]<\/p>\n","protected":false},"featured_media":371,"template":"","meta":[],"product_brand":[],"product_cat":[26],"product_tag":[],"class_list":{"0":"post-366","1":"product","2":"type-product","3":"status-publish","4":"has-post-thumbnail","6":"product_cat-hantverk","8":"first","9":"instock","10":"featured","11":"shipping-taxable","12":"purchasable","13":"product-type-variable"},"jetpack_sharing_enabled":true,"_links":{"self":[{"href":"https:\/\/iminbod.se\/butik\/wp-json\/wp\/v2\/product\/366","targetHints":{"allow":["GET"]}}],"collection":[{"href":"https:\/\/iminbod.se\/butik\/wp-json\/wp\/v2\/product"}],"about":[{"href":"https:\/\/iminbod.se\/butik\/wp-json\/wp\/v2\/types\/product"}],"wp:featuredmedia":[{"embeddable":true,"href":"https:\/\/iminbod.se\/butik\/wp-json\/wp\/v2\/media\/371"}],"wp:attachment":[{"href":"https:\/\/iminbod.se\/butik\/wp-json\/wp\/v2\/media?parent=366"}],"wp:term":[{"taxonomy":"product_brand","embeddable":true,"href":"https:\/\/iminbod.se\/butik\/wp-json\/wp\/v2\/product_brand?post=366"},{"taxonomy":"product_cat","embeddable":true,"href":"https:\/\/iminbod.se\/butik\/wp-json\/wp\/v2\/product_cat?post=366"},{"taxonomy":"product_tag","embeddable":true,"href":"https:\/\/iminbod.se\/butik\/wp-json\/wp\/v2\/product_tag?post=366"}],"curies":[{"name":"wp","href":"https:\/\/api.w.org\/{rel}","templated":true}]}}