{"id":365,"date":"2024-11-17T19:19:01","date_gmt":"2024-11-17T17:19:01","guid":{"rendered":"https:\/\/iminbod.se\/?post_type=product&#038;p=365"},"modified":"2025-11-02T13:20:34","modified_gmt":"2025-11-02T11:20:34","slug":"presentinslagning","status":"publish","type":"product","link":"https:\/\/iminbod.se\/butik\/produkt\/presentinslagning\/","title":{"rendered":"Presentinslagning"},"content":{"rendered":"<p class=\"p1\">Ge din g\u00e5va en naturlig och charmig touch med presentinslagning i cellofan, vackert knutet band och ett litet dekorativt bi som pricken \u00f6ver i! Kombinera din egen g\u00e5va och l\u00e4gg till presentinslagning!<\/p>\n","protected":false},"excerpt":{"rendered":"<p>Ge din g\u00e5va en naturlig och charmig touch med presentinslagning i cellofan, vackert knutet band och ett litet dekorativt bi som pricken \u00f6ver i! Kombinera din egen g\u00e5va och l\u00e4gg till presentinslagning!<\/p>\n","protected":false},"featured_media":774,"template":"","meta":[],"product_brand":[],"product_cat":[25],"product_tag":[],"class_list":{"0":"post-365","1":"product","2":"type-product","3":"status-publish","4":"has-post-thumbnail","6":"product_cat-presenter","8":"first","9":"instock","10":"shipping-taxable","11":"purchasable","12":"product-type-simple"},"jetpack_sharing_enabled":true,"_links":{"self":[{"href":"https:\/\/iminbod.se\/butik\/wp-json\/wp\/v2\/product\/365","targetHints":{"allow":["GET"]}}],"collection":[{"href":"https:\/\/iminbod.se\/butik\/wp-json\/wp\/v2\/product"}],"about":[{"href":"https:\/\/iminbod.se\/butik\/wp-json\/wp\/v2\/types\/product"}],"wp:featuredmedia":[{"embeddable":true,"href":"https:\/\/iminbod.se\/butik\/wp-json\/wp\/v2\/media\/774"}],"wp:attachment":[{"href":"https:\/\/iminbod.se\/butik\/wp-json\/wp\/v2\/media?parent=365"}],"wp:term":[{"taxonomy":"product_brand","embeddable":true,"href":"https:\/\/iminbod.se\/butik\/wp-json\/wp\/v2\/product_brand?post=365"},{"taxonomy":"product_cat","embeddable":true,"href":"https:\/\/iminbod.se\/butik\/wp-json\/wp\/v2\/product_cat?post=365"},{"taxonomy":"product_tag","embeddable":true,"href":"https:\/\/iminbod.se\/butik\/wp-json\/wp\/v2\/product_tag?post=365"}],"curies":[{"name":"wp","href":"https:\/\/api.w.org\/{rel}","templated":true}]}}