{"id":363,"date":"2024-11-17T19:15:20","date_gmt":"2024-11-17T17:15:20","guid":{"rendered":"https:\/\/iminbod.se\/?post_type=product&#038;p=363"},"modified":"2025-11-02T13:20:34","modified_gmt":"2025-11-02T11:20:34","slug":"nyckelring","status":"publish","type":"product","link":"https:\/\/iminbod.se\/butik\/produkt\/nyckelring\/","title":{"rendered":"Nyckelring"},"content":{"rendered":"<p class=\"p1\">En charmig bi-nyckelring som hyllar naturens sm\u00e5 hj\u00e4ltar \u2013 perfekt som en symbol f\u00f6r h\u00e5llbarhet och k\u00e4rlek till bin!<\/p>\n","protected":false},"excerpt":{"rendered":"<p>En charmig bi-nyckelring som hyllar naturens sm\u00e5 hj\u00e4ltar \u2013 perfekt som en symbol f\u00f6r h\u00e5llbarhet och k\u00e4rlek till bin!<\/p>\n","protected":false},"featured_media":381,"template":"","meta":[],"product_brand":[],"product_cat":[25],"product_tag":[],"class_list":{"0":"post-363","1":"product","2":"type-product","3":"status-publish","4":"has-post-thumbnail","6":"product_cat-presenter","8":"first","9":"instock","10":"shipping-taxable","11":"purchasable","12":"product-type-variable"},"jetpack_sharing_enabled":true,"_links":{"self":[{"href":"https:\/\/iminbod.se\/butik\/wp-json\/wp\/v2\/product\/363","targetHints":{"allow":["GET"]}}],"collection":[{"href":"https:\/\/iminbod.se\/butik\/wp-json\/wp\/v2\/product"}],"about":[{"href":"https:\/\/iminbod.se\/butik\/wp-json\/wp\/v2\/types\/product"}],"wp:featuredmedia":[{"embeddable":true,"href":"https:\/\/iminbod.se\/butik\/wp-json\/wp\/v2\/media\/381"}],"wp:attachment":[{"href":"https:\/\/iminbod.se\/butik\/wp-json\/wp\/v2\/media?parent=363"}],"wp:term":[{"taxonomy":"product_brand","embeddable":true,"href":"https:\/\/iminbod.se\/butik\/wp-json\/wp\/v2\/product_brand?post=363"},{"taxonomy":"product_cat","embeddable":true,"href":"https:\/\/iminbod.se\/butik\/wp-json\/wp\/v2\/product_cat?post=363"},{"taxonomy":"product_tag","embeddable":true,"href":"https:\/\/iminbod.se\/butik\/wp-json\/wp\/v2\/product_tag?post=363"}],"curies":[{"name":"wp","href":"https:\/\/api.w.org\/{rel}","templated":true}]}}