{"id":362,"date":"2024-11-17T19:10:19","date_gmt":"2024-11-17T17:10:19","guid":{"rendered":"https:\/\/iminbod.se\/?post_type=product&#038;p=362"},"modified":"2025-11-22T08:07:49","modified_gmt":"2025-11-22T06:07:49","slug":"propolis-10g","status":"publish","type":"product","link":"https:\/\/iminbod.se\/butik\/produkt\/propolis-10g\/","title":{"rendered":"Propolis 10g"},"content":{"rendered":"<p>Kommer i en glasburk med kork.<\/p>\n<p class=\"p1\">Propolis, ofta kallad \u201cbikitt\u201d, \u00e4r ett naturligt \u00e4mne som bin skapar genom att blanda k\u00e5da fr\u00e5n tr\u00e4d med sitt eget bivax och enzymer. Detta kraftfulla \u00e4mne anv\u00e4nds av bina f\u00f6r att skydda sina kupor fr\u00e5n bakterier, virus och andra skadliga mikroorganismer. I tusentals \u00e5r har propolis ocks\u00e5 varit uppskattad av m\u00e4nniskor f\u00f6r sina v\u00e4lg\u00f6rande egenskaper.<\/p>\n<h3 class=\"p3\"><b>F\u00f6rdelar med Propolis<\/b><b><\/b><\/h3>\n<p class=\"p4\">\u2022<b>Naturligt st\u00f6d f\u00f6r immunsystemet<\/b>: Propolis \u00e4r rik p\u00e5 antioxidanter och bioaktiva \u00e4mnen som kan bidra till att st\u00e4rka kroppens naturliga f\u00f6rsvar.<\/p>\n<p class=\"p4\">\u2022<b>Antibakteriella och antivirala egenskaper<\/b>: Hj\u00e4lper till att bek\u00e4mpa skadliga mikroorganismer och st\u00f6der en h\u00e4lsosam kroppsmilj\u00f6.<\/p>\n<p class=\"p4\">\u2022<b>Lindring vid halsont och irritationer<\/b>: En popul\u00e4r ingrediens i naturliga halssprayer och pastiller f\u00f6r att lindra halsont.<\/p>\n<p class=\"p4\">\u2022<b>Hudv\u00e5rd och s\u00e5rl\u00e4kning<\/b>: Propolis anv\u00e4nds ofta i salvor och kr\u00e4mer tack vare sina v\u00e5rdande och \u00e5terfuktande egenskaper.<\/p>\n<h3 class=\"p3\"><b>Hur kan Propolis anv\u00e4ndas?<\/b><b><\/b><\/h3>\n<p class=\"p1\">Propolis finns i m\u00e5nga former, som tinkturer, kapslar, salvor och r\u00e5a bitar. Det \u00e4r perfekt f\u00f6r dig som s\u00f6ker naturliga alternativ f\u00f6r att st\u00f6dja h\u00e4lsa och v\u00e4lm\u00e5ende, b\u00e5de inv\u00e4rtes och utv\u00e4rtes.<\/p>\n","protected":false},"excerpt":{"rendered":"<p>Kommer i en glasburk med kork. Propolis, ofta kallad \u201cbikitt\u201d, \u00e4r ett naturligt \u00e4mne som bin skapar genom att blanda k\u00e5da fr\u00e5n tr\u00e4d med sitt eget bivax och enzymer. Detta kraftfulla \u00e4mne anv\u00e4nds av bina f\u00f6r att skydda sina kupor fr\u00e5n bakterier, virus och andra skadliga mikroorganismer. I tusentals \u00e5r har propolis ocks\u00e5 varit uppskattad [&hellip;]<\/p>\n","protected":false},"featured_media":379,"template":"","meta":[],"product_brand":[],"product_cat":[24],"product_tag":[],"class_list":{"0":"post-362","1":"product","2":"type-product","3":"status-publish","4":"has-post-thumbnail","6":"product_cat-biprodukter","8":"first","9":"outofstock","10":"shipping-taxable","11":"purchasable","12":"product-type-simple"},"jetpack_sharing_enabled":true,"_links":{"self":[{"href":"https:\/\/iminbod.se\/butik\/wp-json\/wp\/v2\/product\/362","targetHints":{"allow":["GET"]}}],"collection":[{"href":"https:\/\/iminbod.se\/butik\/wp-json\/wp\/v2\/product"}],"about":[{"href":"https:\/\/iminbod.se\/butik\/wp-json\/wp\/v2\/types\/product"}],"wp:featuredmedia":[{"embeddable":true,"href":"https:\/\/iminbod.se\/butik\/wp-json\/wp\/v2\/media\/379"}],"wp:attachment":[{"href":"https:\/\/iminbod.se\/butik\/wp-json\/wp\/v2\/media?parent=362"}],"wp:term":[{"taxonomy":"product_brand","embeddable":true,"href":"https:\/\/iminbod.se\/butik\/wp-json\/wp\/v2\/product_brand?post=362"},{"taxonomy":"product_cat","embeddable":true,"href":"https:\/\/iminbod.se\/butik\/wp-json\/wp\/v2\/product_cat?post=362"},{"taxonomy":"product_tag","embeddable":true,"href":"https:\/\/iminbod.se\/butik\/wp-json\/wp\/v2\/product_tag?post=362"}],"curies":[{"name":"wp","href":"https:\/\/api.w.org\/{rel}","templated":true}]}}