{"id":361,"date":"2024-11-17T19:08:04","date_gmt":"2024-11-17T17:08:04","guid":{"rendered":"https:\/\/iminbod.se\/?post_type=product&#038;p=361"},"modified":"2025-11-26T10:43:32","modified_gmt":"2025-11-26T08:43:32","slug":"jungfruvax-20g","status":"publish","type":"product","link":"https:\/\/iminbod.se\/butik\/produkt\/jungfruvax-20g\/","title":{"rendered":"Jungfruvax 20g"},"content":{"rendered":"<p>Finaste formen av bivax f\u00f6r att g\u00f6ra egna salvor och cerat.<\/p>\n<h3>Vad \u00e4r bivax?<\/h3>\n<div class=\"flex-shrink-0 flex flex-col relative items-end\">\n<div>\n<div class=\"pt-0\">\n<div class=\"gizmo-bot-avatar flex h-8 w-8 items-center justify-center overflow-hidden rounded-full\">\n<div class=\"relative p-1 rounded-sm flex items-center justify-center bg-token-main-surface-primary text-token-text-primary h-8 w-8\">Bivax produceras av honungsbin f\u00f6r att bygga vaxkakor. Det samlas in, sm\u00e4lts och renas f\u00f6r att anv\u00e4ndas i olika produkter. Eftersom det \u00e4r naturligt och f\u00f6rnybart, \u00e4r bivax ett milj\u00f6v\u00e4nligt alternativ till syntetiska vaxer.<\/div>\n<\/div>\n<\/div>\n<\/div>\n<\/div>\n","protected":false},"excerpt":{"rendered":"<p>Finaste formen av bivax f\u00f6r att g\u00f6ra egna salvor och cerat. Vad \u00e4r bivax? Bivax produceras av honungsbin f\u00f6r att bygga vaxkakor. Det samlas in, sm\u00e4lts och renas f\u00f6r att anv\u00e4ndas i olika produkter. Eftersom det \u00e4r naturligt och f\u00f6rnybart, \u00e4r bivax ett milj\u00f6v\u00e4nligt alternativ till syntetiska vaxer.<\/p>\n","protected":false},"featured_media":378,"template":"","meta":[],"product_brand":[],"product_cat":[24],"product_tag":[],"class_list":{"0":"post-361","1":"product","2":"type-product","3":"status-publish","4":"has-post-thumbnail","6":"product_cat-biprodukter","8":"first","9":"instock","10":"shipping-taxable","11":"purchasable","12":"product-type-simple"},"jetpack_sharing_enabled":true,"_links":{"self":[{"href":"https:\/\/iminbod.se\/butik\/wp-json\/wp\/v2\/product\/361","targetHints":{"allow":["GET"]}}],"collection":[{"href":"https:\/\/iminbod.se\/butik\/wp-json\/wp\/v2\/product"}],"about":[{"href":"https:\/\/iminbod.se\/butik\/wp-json\/wp\/v2\/types\/product"}],"wp:featuredmedia":[{"embeddable":true,"href":"https:\/\/iminbod.se\/butik\/wp-json\/wp\/v2\/media\/378"}],"wp:attachment":[{"href":"https:\/\/iminbod.se\/butik\/wp-json\/wp\/v2\/media?parent=361"}],"wp:term":[{"taxonomy":"product_brand","embeddable":true,"href":"https:\/\/iminbod.se\/butik\/wp-json\/wp\/v2\/product_brand?post=361"},{"taxonomy":"product_cat","embeddable":true,"href":"https:\/\/iminbod.se\/butik\/wp-json\/wp\/v2\/product_cat?post=361"},{"taxonomy":"product_tag","embeddable":true,"href":"https:\/\/iminbod.se\/butik\/wp-json\/wp\/v2\/product_tag?post=361"}],"curies":[{"name":"wp","href":"https:\/\/api.w.org\/{rel}","templated":true}]}}