{"id":166,"date":"2024-08-09T18:03:29","date_gmt":"2024-08-09T16:03:29","guid":{"rendered":"https:\/\/iminbod.se\/?page_id=166"},"modified":"2026-01-30T11:23:04","modified_gmt":"2026-01-30T09:23:04","slug":"biodling-honung","status":"publish","type":"page","link":"https:\/\/iminbod.se\/butik\/biodling-honung\/","title":{"rendered":"Biodling &#038; honung"},"content":{"rendered":"\n<h2 class=\"wp-block-heading\"><strong>Fr\u00e5n blomma till honung<\/strong><\/h2>\n\n\n\n<p>V\u00e4lkommen till v\u00e5r v\u00e4rld av sm\u00e5skalig, lokalproducerad honung fr\u00e5n hj\u00e4rtat av Malm\u00f6! V\u00e5r honung kommer direkt fr\u00e5n v\u00e5ra egna omsorgsfullt sk\u00f6tta big\u00e5rdar, d\u00e4r vi l\u00e5ter bina arbeta i harmoni med naturens egna rytmer. Genom att respektera och fr\u00e4mja den naturliga processen, s\u00e4kerst\u00e4ller vi att varje burk honung \u00e4r full av den rena, autentiska smaken som bara kan uppn\u00e5s genom traditionella metoder. Upplev skillnaden med v\u00e5r honung, ett sant hantverk som speglar Malm\u00f6s blomstrande m\u00e5ngfald och v\u00e5rt engagemang f\u00f6r h\u00e5llbar biodling.<\/p>\n\n\n\n<div class=\"wp-block-group alignfull has-global-padding is-layout-constrained wp-container-core-group-is-layout-c860bd4e wp-block-group-is-layout-constrained\" style=\"margin-top:0;margin-bottom:0;padding-top:var(--wp--preset--spacing--50);padding-right:var(--wp--preset--spacing--50);padding-bottom:var(--wp--preset--spacing--50);padding-left:var(--wp--preset--spacing--50)\">\n<div class=\"wp-block-columns alignwide is-layout-flex wp-container-core-columns-is-layout-ff4b9c61 wp-block-columns-is-layout-flex\" style=\"margin-top:0;margin-bottom:0\">\n<div class=\"wp-block-column is-layout-flow wp-container-core-column-is-layout-8a368f38 wp-block-column-is-layout-flow\">\n<figure class=\"wp-block-image size-large is-style-rounded is-style-rounded--1\"><img loading=\"lazy\" decoding=\"async\" width=\"768\" height=\"1024\" src=\"https:\/\/iminbod.se\/wp-content\/uploads\/2024\/08\/1-20-768x1024.jpeg\" alt=\"\" class=\"wp-image-163\" style=\"aspect-ratio:3\/4;object-fit:cover\" srcset=\"https:\/\/iminbod.se\/butik\/wp-content\/uploads\/2024\/08\/1-20-768x1024.jpeg 768w, https:\/\/iminbod.se\/butik\/wp-content\/uploads\/2024\/08\/1-20-225x300.jpeg 225w, https:\/\/iminbod.se\/butik\/wp-content\/uploads\/2024\/08\/1-20-600x800.jpeg 600w, https:\/\/iminbod.se\/butik\/wp-content\/uploads\/2024\/08\/1-20.jpeg 960w\" sizes=\"auto, (max-width: 768px) 100vw, 768px\" \/><\/figure>\n<\/div>\n\n\n\n<div class=\"wp-block-column is-layout-flow wp-container-core-column-is-layout-8a368f38 wp-block-column-is-layout-flow\">\n<figure class=\"wp-block-image size-large is-style-rounded is-style-rounded--2\"><img loading=\"lazy\" decoding=\"async\" width=\"768\" height=\"1024\" src=\"https:\/\/iminbod.se\/wp-content\/uploads\/2024\/08\/1-21-768x1024.jpeg\" alt=\"\" class=\"wp-image-162\" style=\"aspect-ratio:3\/4;object-fit:cover\" srcset=\"https:\/\/iminbod.se\/butik\/wp-content\/uploads\/2024\/08\/1-21-768x1024.jpeg 768w, https:\/\/iminbod.se\/butik\/wp-content\/uploads\/2024\/08\/1-21-225x300.jpeg 225w, https:\/\/iminbod.se\/butik\/wp-content\/uploads\/2024\/08\/1-21-600x800.jpeg 600w, https:\/\/iminbod.se\/butik\/wp-content\/uploads\/2024\/08\/1-21.jpeg 960w\" sizes=\"auto, (max-width: 768px) 100vw, 768px\" \/><\/figure>\n<\/div>\n<\/div>\n<\/div>\n\n\n\n<h2 class=\"wp-block-heading\"><strong>Honungen<\/strong><\/h2>\n\n\n\n<p><strong>Tr\u00e4dg\u00e5rdshonung<\/strong> med inslag av \u00f6rter, blommor fr\u00e5n frukt och b\u00e4r.<br>Helt naturligt, utan tillsatser, utan kemikalier, utan socker. Bina invintras p\u00e5 sin egen honung, d\u00e4r vi tar h\u00e4nsyn till binas h\u00e4lsa och l\u00e4mnar vi mer \u00e4n halva sk\u00f6rden till bina f\u00f6r att \u00e4ta under vintern. Eftersom det \u00e4r helt rent och naturlig produkt har den goda h\u00e4lsoeffekter. <br><br><strong>Or\u00f6rd<\/strong>, flytande honung som kan ringlas \u00f6ver mat och dessert. Den kristalliseras efter ett tag beroende p\u00e5 vad bina har samlat in sin pollen ifr\u00e5n. Den \u00e4r fortfarande \u00e4tbar, men \u00e4ndrar form. <br><br><strong>R\u00f6rd<\/strong>, honungen blir r\u00f6rd f\u00f6r att inte stelna eller kristalliseras. Den \u00e4r i en kr\u00e4mig konsistens som man kan bre p\u00e5 mackan.<br><br><strong>Vaxkaka<\/strong>, honungen med vax som har sk\u00f6rdats direkt fr\u00e5n kupan utan att slungas ut.<br><br><strong>Vax<\/strong>, bina producerar sitt eget vax med vaxk\u00f6rtlar. De bygger celler som de fyller med pollen, nektar, yngel och honung. Vaxet anv\u00e4ndas till att tillverka ljus och tv\u00e5l.<br><br><strong>Jungfruvax<\/strong>, \u00e4r det finaste vaxet som \u00e4r locket bina f\u00f6rseglar cellerna med. Det anv\u00e4nds i kosmetika, salvor och h\u00e5rvax.<\/p>\n\n\n\n<div class=\"wp-block-group alignfull has-global-padding is-layout-constrained wp-container-core-group-is-layout-b25ccd55 wp-block-group-is-layout-constrained\" style=\"margin-top:0;margin-bottom:0;padding-top:var(--wp--preset--spacing--50);padding-right:var(--wp--preset--spacing--50);padding-bottom:var(--wp--preset--spacing--50);padding-left:var(--wp--preset--spacing--50)\">\n<div class=\"wp-block-columns alignwide is-layout-flex wp-container-core-columns-is-layout-ff4b9c61 wp-block-columns-is-layout-flex\" style=\"margin-top:0;margin-bottom:0\">\n<div class=\"wp-block-column is-layout-flow wp-container-core-column-is-layout-8a368f38 wp-block-column-is-layout-flow\">\n<figure class=\"wp-block-image size-large is-style-rounded is-style-rounded--3\"><img loading=\"lazy\" decoding=\"async\" width=\"768\" height=\"1024\" src=\"https:\/\/iminbod.se\/wp-content\/uploads\/2024\/08\/1-22-768x1024.jpeg\" alt=\"\" class=\"wp-image-161\" style=\"aspect-ratio:3\/4;object-fit:cover\" srcset=\"https:\/\/iminbod.se\/butik\/wp-content\/uploads\/2024\/08\/1-22-768x1024.jpeg 768w, https:\/\/iminbod.se\/butik\/wp-content\/uploads\/2024\/08\/1-22-225x300.jpeg 225w, https:\/\/iminbod.se\/butik\/wp-content\/uploads\/2024\/08\/1-22-600x800.jpeg 600w, https:\/\/iminbod.se\/butik\/wp-content\/uploads\/2024\/08\/1-22.jpeg 960w\" sizes=\"auto, (max-width: 768px) 100vw, 768px\" \/><\/figure>\n<\/div>\n\n\n\n<div class=\"wp-block-column is-layout-flow wp-container-core-column-is-layout-8a368f38 wp-block-column-is-layout-flow\">\n<figure class=\"wp-block-image size-large is-style-rounded is-style-rounded--4\"><img loading=\"lazy\" decoding=\"async\" width=\"768\" height=\"1024\" src=\"https:\/\/iminbod.se\/wp-content\/uploads\/2024\/08\/2-2-768x1024.jpeg\" alt=\"\" class=\"wp-image-160\" style=\"aspect-ratio:3\/4;object-fit:cover\" srcset=\"https:\/\/iminbod.se\/butik\/wp-content\/uploads\/2024\/08\/2-2-768x1024.jpeg 768w, https:\/\/iminbod.se\/butik\/wp-content\/uploads\/2024\/08\/2-2-225x300.jpeg 225w, https:\/\/iminbod.se\/butik\/wp-content\/uploads\/2024\/08\/2-2-600x800.jpeg 600w, https:\/\/iminbod.se\/butik\/wp-content\/uploads\/2024\/08\/2-2.jpeg 960w\" sizes=\"auto, (max-width: 768px) 100vw, 768px\" \/><\/figure>\n<\/div>\n<\/div>\n<\/div>\n\n\n\n<p><\/p>\n","protected":false},"excerpt":{"rendered":"<p>Fr\u00e5n blomma till honung V\u00e4lkommen till v\u00e5r v\u00e4rld av sm\u00e5skalig, lokalproducerad honung fr\u00e5n hj\u00e4rtat av Malm\u00f6! V\u00e5r honung kommer direkt fr\u00e5n v\u00e5ra egna omsorgsfullt sk\u00f6tta big\u00e5rdar, d\u00e4r vi l\u00e5ter bina arbeta i harmoni med naturens egna rytmer. Genom att respektera och fr\u00e4mja den naturliga processen, s\u00e4kerst\u00e4ller vi att varje burk honung \u00e4r full av den [&hellip;]<\/p>\n","protected":false},"author":1,"featured_media":0,"parent":0,"menu_order":0,"comment_status":"closed","ping_status":"closed","template":"","meta":{"footnotes":""},"class_list":["post-166","page","type-page","status-publish","hentry"],"jetpack_sharing_enabled":true,"_links":{"self":[{"href":"https:\/\/iminbod.se\/butik\/wp-json\/wp\/v2\/pages\/166","targetHints":{"allow":["GET"]}}],"collection":[{"href":"https:\/\/iminbod.se\/butik\/wp-json\/wp\/v2\/pages"}],"about":[{"href":"https:\/\/iminbod.se\/butik\/wp-json\/wp\/v2\/types\/page"}],"author":[{"embeddable":true,"href":"https:\/\/iminbod.se\/butik\/wp-json\/wp\/v2\/users\/1"}],"replies":[{"embeddable":true,"href":"https:\/\/iminbod.se\/butik\/wp-json\/wp\/v2\/comments?post=166"}],"version-history":[{"count":6,"href":"https:\/\/iminbod.se\/butik\/wp-json\/wp\/v2\/pages\/166\/revisions"}],"predecessor-version":[{"id":1022,"href":"https:\/\/iminbod.se\/butik\/wp-json\/wp\/v2\/pages\/166\/revisions\/1022"}],"wp:attachment":[{"href":"https:\/\/iminbod.se\/butik\/wp-json\/wp\/v2\/media?parent=166"}],"curies":[{"name":"wp","href":"https:\/\/api.w.org\/{rel}","templated":true}]}}