{"id":1030,"date":"2026-01-30T11:52:25","date_gmt":"2026-01-30T09:52:25","guid":{"rendered":"https:\/\/iminbod.se\/?page_id=1030"},"modified":"2026-01-30T11:55:13","modified_gmt":"2026-01-30T09:55:13","slug":"kontakt","status":"publish","type":"page","link":"https:\/\/iminbod.se\/butik\/kontakt\/","title":{"rendered":"Kontakt"},"content":{"rendered":"\n<p>Vill ni bolla en id\u00e9 eller utforska ett m\u00f6jligt samarbete?<\/p>\n\n\n\n<p>H\u00f6r g\u00e4rna av er via formul\u00e4ret s\u00e5 tar vi tillsammans fram ett uppl\u00e4gg som passar just er.<\/p>\n\n\n\n<p>Jag har F-skattsedel och l\u00e4mnar g\u00e4rna offert p\u00e5 f\u00f6rfr\u00e5gan.<\/p>\n\n\n\n<p>Saknar ni n\u00e5got i utbudet? Tveka inte att h\u00f6ra av er, jag skr\u00e4ddarsyr g\u00e4rna ett uppl\u00e4gg utifr\u00e5n era behov.<\/p>\n\n\n<div class=\"wp-block-jetpack-contact-form is-layout-flex wp-container-jetpack-contact-form-is-layout-2b4208ba wp-block-jetpack-contact-form-is-layout-flex\"><a href=\"https:\/\/iminbod.se\/butik\/kontakt\/\" target=\"_blank\" rel=\"noopener noreferrer\">Skicka ett formul\u00e4r.<\/a><\/div>\n\n\n<p><\/p>\n","protected":false},"excerpt":{"rendered":"<p>Vill ni bolla en id\u00e9 eller utforska ett m\u00f6jligt samarbete? H\u00f6r g\u00e4rna av er via formul\u00e4ret s\u00e5 tar vi tillsammans fram ett uppl\u00e4gg som passar just er. Jag har F-skattsedel och l\u00e4mnar g\u00e4rna offert p\u00e5 f\u00f6rfr\u00e5gan. Saknar ni n\u00e5got i utbudet? Tveka inte att h\u00f6ra av er, jag skr\u00e4ddarsyr g\u00e4rna ett uppl\u00e4gg utifr\u00e5n era behov.<\/p>\n","protected":false},"author":1,"featured_media":0,"parent":0,"menu_order":0,"comment_status":"closed","ping_status":"closed","template":"","meta":{"footnotes":""},"class_list":["post-1030","page","type-page","status-publish","hentry"],"jetpack_sharing_enabled":true,"_links":{"self":[{"href":"https:\/\/iminbod.se\/butik\/wp-json\/wp\/v2\/pages\/1030","targetHints":{"allow":["GET"]}}],"collection":[{"href":"https:\/\/iminbod.se\/butik\/wp-json\/wp\/v2\/pages"}],"about":[{"href":"https:\/\/iminbod.se\/butik\/wp-json\/wp\/v2\/types\/page"}],"author":[{"embeddable":true,"href":"https:\/\/iminbod.se\/butik\/wp-json\/wp\/v2\/users\/1"}],"replies":[{"embeddable":true,"href":"https:\/\/iminbod.se\/butik\/wp-json\/wp\/v2\/comments?post=1030"}],"version-history":[{"count":3,"href":"https:\/\/iminbod.se\/butik\/wp-json\/wp\/v2\/pages\/1030\/revisions"}],"predecessor-version":[{"id":1034,"href":"https:\/\/iminbod.se\/butik\/wp-json\/wp\/v2\/pages\/1030\/revisions\/1034"}],"wp:attachment":[{"href":"https:\/\/iminbod.se\/butik\/wp-json\/wp\/v2\/media?parent=1030"}],"curies":[{"name":"wp","href":"https:\/\/api.w.org\/{rel}","templated":true}]}}